{"id":28,"date":"2024-07-31T16:16:20","date_gmt":"2024-07-31T14:16:20","guid":{"rendered":"http:\/\/localhost\/astradrive\/?page_id=28"},"modified":"2024-08-05T11:16:55","modified_gmt":"2024-08-05T09:16:55","slug":"nos-services","status":"publish","type":"page","link":"https:\/\/astradrive.nola.sn\/index.php\/nos-services\/","title":{"rendered":"Nos Services"},"content":{"rendered":"\t\t<div data-elementor-type=\"wp-page\" data-elementor-id=\"28\" class=\"elementor elementor-28\" data-elementor-post-type=\"page\">\n\t\t\t\t<div class=\"elementor-element elementor-element-400c0aff e-flex e-con-boxed e-con e-parent\" data-id=\"400c0aff\" data-element_type=\"container\" data-settings=\"{&quot;background_background&quot;:&quot;classic&quot;}\">\n\t\t\t\t\t<div class=\"e-con-inner\">\n\t\t<div class=\"elementor-element elementor-element-2de60d37 e-con-full e-flex e-con e-child\" data-id=\"2de60d37\" data-element_type=\"container\">\n\t\t\t\t<div class=\"elementor-element elementor-element-2401f5e0 elementor-widget elementor-widget-heading\" data-id=\"2401f5e0\" data-element_type=\"widget\" data-widget_type=\"heading.default\">\n\t\t\t\t<div class=\"elementor-widget-container\">\n\t\t\t<style>\/*! elementor - v3.23.0 - 25-07-2024 *\/\n.elementor-heading-title{padding:0;margin:0;line-height:1}.elementor-widget-heading .elementor-heading-title[class*=elementor-size-]>a{color:inherit;font-size:inherit;line-height:inherit}.elementor-widget-heading .elementor-heading-title.elementor-size-small{font-size:15px}.elementor-widget-heading .elementor-heading-title.elementor-size-medium{font-size:19px}.elementor-widget-heading .elementor-heading-title.elementor-size-large{font-size:29px}.elementor-widget-heading .elementor-heading-title.elementor-size-xl{font-size:39px}.elementor-widget-heading .elementor-heading-title.elementor-size-xxl{font-size:59px}<\/style><h2 class=\"elementor-heading-title elementor-size-default\">Nos services<\/h2>\t\t<\/div>\n\t\t\t\t<\/div>\n\t\t\t\t<div class=\"elementor-element elementor-element-317d98ce elementor-widget elementor-widget-heading\" data-id=\"317d98ce\" data-element_type=\"widget\" data-widget_type=\"heading.default\">\n\t\t\t\t<div class=\"elementor-widget-container\">\n\t\t\t<h5 class=\"elementor-heading-title elementor-size-default\">Bienvenue chez ASTRADRIVE, votre partenaire de confiance pour tous vos besoins automobiles<\/h5>\t\t<\/div>\n\t\t\t\t<\/div>\n\t\t\t\t<\/div>\n\t\t<div class=\"elementor-element elementor-element-5616986d e-con-full e-flex e-con e-child\" data-id=\"5616986d\" data-element_type=\"container\">\n\t\t\t\t<div class=\"elementor-element elementor-element-6c0c7921 elementor-widget-tablet__width-initial elementor-widget-mobile__width-inherit elementor-widget__width-initial elementor-position-top elementor-widget elementor-widget-image-box\" data-id=\"6c0c7921\" data-element_type=\"widget\" data-widget_type=\"image-box.default\">\n\t\t\t\t<div class=\"elementor-widget-container\">\n\t\t\t<style>\/*! elementor - v3.23.0 - 25-07-2024 *\/\n.elementor-widget-image-box .elementor-image-box-content{width:100%}@media (min-width:768px){.elementor-widget-image-box.elementor-position-left .elementor-image-box-wrapper,.elementor-widget-image-box.elementor-position-right .elementor-image-box-wrapper{display:flex}.elementor-widget-image-box.elementor-position-right .elementor-image-box-wrapper{text-align:end;flex-direction:row-reverse}.elementor-widget-image-box.elementor-position-left .elementor-image-box-wrapper{text-align:start;flex-direction:row}.elementor-widget-image-box.elementor-position-top .elementor-image-box-img{margin:auto}.elementor-widget-image-box.elementor-vertical-align-top .elementor-image-box-wrapper{align-items:flex-start}.elementor-widget-image-box.elementor-vertical-align-middle .elementor-image-box-wrapper{align-items:center}.elementor-widget-image-box.elementor-vertical-align-bottom .elementor-image-box-wrapper{align-items:flex-end}}@media (max-width:767px){.elementor-widget-image-box .elementor-image-box-img{margin-left:auto!important;margin-right:auto!important;margin-bottom:15px}}.elementor-widget-image-box .elementor-image-box-img{display:inline-block}.elementor-widget-image-box .elementor-image-box-title a{color:inherit}.elementor-widget-image-box .elementor-image-box-wrapper{text-align:center}.elementor-widget-image-box .elementor-image-box-description{margin:0}<\/style><div class=\"elementor-image-box-wrapper\"><figure class=\"elementor-image-box-img\"><a href=\"https:\/\/astradrive.nola.sn\/index.php\/presentation\/\" tabindex=\"-1\"><img fetchpriority=\"high\" decoding=\"async\" width=\"480\" height=\"320\" src=\"https:\/\/astradrive.nola.sn\/wp-content\/uploads\/2024\/08\/vente-automobile-480x320-1.jpg\" class=\"elementor-animation-grow attachment-full size-full wp-image-273\" alt=\"\" srcset=\"https:\/\/astradrive.nola.sn\/wp-content\/uploads\/2024\/08\/vente-automobile-480x320-1.jpg 480w, https:\/\/astradrive.nola.sn\/wp-content\/uploads\/2024\/08\/vente-automobile-480x320-1-300x200.jpg 300w, https:\/\/astradrive.nola.sn\/wp-content\/uploads\/2024\/08\/vente-automobile-480x320-1-200x133.jpg 200w\" sizes=\"(max-width: 480px) 100vw, 480px\" \/><\/a><\/figure><div class=\"elementor-image-box-content\"><h4 class=\"elementor-image-box-title\"><a href=\"https:\/\/astradrive.nola.sn\/index.php\/presentation\/\">Service de Vente<\/a><\/h4><p class=\"elementor-image-box-description\">Large S\u00e9lection de V\u00e9hicules\nNous proposons une large gamme de v\u00e9hicules neufs et d'occasion, soigneusement s\u00e9lectionn\u00e9s pour r\u00e9pondre \u00e0 tous les go\u00fbts et budgets. De la citadine \u00e9conomique au SUV spacieux, en passant par les berlines \u00e9l\u00e9gantes et les voitures de sport performantes, nous avons le v\u00e9hicule qui correspond \u00e0 vos besoins.\n\nV\u00e9hicules Certifi\u00e9s\nChaque v\u00e9hicule d'occasion chez ASTRADRIVE passe par une inspection rigoureuse et est certifi\u00e9 pour garantir sa qualit\u00e9 et sa fiabilit\u00e9. Nous fournissons \u00e9galement des rapports d'historique de v\u00e9hicule pour une transparence totale.<\/p><\/div><\/div>\t\t<\/div>\n\t\t\t\t<\/div>\n\t\t\t\t<div class=\"elementor-element elementor-element-4eeaed30 elementor-widget-tablet__width-initial elementor-widget-mobile__width-inherit elementor-widget__width-initial elementor-position-top elementor-widget elementor-widget-image-box\" data-id=\"4eeaed30\" data-element_type=\"widget\" data-widget_type=\"image-box.default\">\n\t\t\t\t<div class=\"elementor-widget-container\">\n\t\t\t<div class=\"elementor-image-box-wrapper\"><figure class=\"elementor-image-box-img\"><a href=\"https:\/\/astradrive.nola.sn\/index.php\/presentation\/\" tabindex=\"-1\"><img decoding=\"async\" width=\"1280\" height=\"800\" src=\"https:\/\/astradrive.nola.sn\/wp-content\/uploads\/2024\/08\/R6XIXECAMQIZHIOYVS75DQYZOM-1.jpg\" class=\"elementor-animation-grow attachment-full size-full wp-image-127\" alt=\"\" srcset=\"https:\/\/astradrive.nola.sn\/wp-content\/uploads\/2024\/08\/R6XIXECAMQIZHIOYVS75DQYZOM-1.jpg 1280w, https:\/\/astradrive.nola.sn\/wp-content\/uploads\/2024\/08\/R6XIXECAMQIZHIOYVS75DQYZOM-1-300x188.jpg 300w, https:\/\/astradrive.nola.sn\/wp-content\/uploads\/2024\/08\/R6XIXECAMQIZHIOYVS75DQYZOM-1-1024x640.jpg 1024w, https:\/\/astradrive.nola.sn\/wp-content\/uploads\/2024\/08\/R6XIXECAMQIZHIOYVS75DQYZOM-1-768x480.jpg 768w, https:\/\/astradrive.nola.sn\/wp-content\/uploads\/2024\/08\/R6XIXECAMQIZHIOYVS75DQYZOM-1-200x125.jpg 200w\" sizes=\"(max-width: 1280px) 100vw, 1280px\" \/><\/a><\/figure><div class=\"elementor-image-box-content\"><h4 class=\"elementor-image-box-title\"><a href=\"https:\/\/astradrive.nola.sn\/index.php\/presentation\/\">Service de Location<\/a><\/h4><p class=\"elementor-image-box-description\">Location de Courte et Longue Dur\u00e9e\nQue vous ayez besoin d'un v\u00e9hicule pour une journ\u00e9e, une semaine, un mois, ou plus, ASTRADRIVE propose des solutions de location flexibles. Nous avons des offres sp\u00e9ciales pour les locations de longue dur\u00e9e, id\u00e9ales pour les entreprises et les particuliers ayant des besoins prolong\u00e9s.\n\nV\u00e9hicules R\u00e9cents et Bien Entretenus\nNos v\u00e9hicules de location sont r\u00e9cents, bien entretenus et \u00e9quip\u00e9s des derni\u00e8res technologies pour vous assurer un maximum de confort et de s\u00e9curit\u00e9.\n<\/p><\/div><\/div>\t\t<\/div>\n\t\t\t\t<\/div>\n\t\t\t\t<\/div>\n\t\t\t\t\t<\/div>\n\t\t\t\t<\/div>\n\t\t\t\t<\/div>\n\t\t","protected":false},"excerpt":{"rendered":"<p>Nos services Bienvenue chez ASTRADRIVE, votre partenaire de confiance pour tous vos besoins automobiles Service de Vente Large S\u00e9lection de [&hellip;]<\/p>\n","protected":false},"author":1,"featured_media":0,"parent":0,"menu_order":0,"comment_status":"closed","ping_status":"closed","template":"","meta":{"site-sidebar-layout":"no-sidebar","site-content-layout":"","ast-site-content-layout":"full-width-container","site-content-style":"default","site-sidebar-style":"default","ast-global-header-display":"","ast-banner-title-visibility":"","ast-main-header-display":"","ast-hfb-above-header-display":"","ast-hfb-below-header-display":"","ast-hfb-mobile-header-display":"","site-post-title":"disabled","ast-breadcrumbs-content":"","ast-featured-img":"disabled","footer-sml-layout":"","theme-transparent-header-meta":"","adv-header-id-meta":"","stick-header-meta":"","header-above-stick-meta":"","header-main-stick-meta":"","header-below-stick-meta":"","astra-migrate-meta-layouts":"default","ast-page-background-enabled":"default","ast-page-background-meta":{"desktop":{"background-color":"var(--ast-global-color-4)","background-image":"","background-repeat":"repeat","background-position":"center center","background-size":"auto","background-attachment":"scroll","background-type":"","background-media":"","overlay-type":"","overlay-color":"","overlay-opacity":"","overlay-gradient":""},"tablet":{"background-color":"","background-image":"","background-repeat":"repeat","background-position":"center center","background-size":"auto","background-attachment":"scroll","background-type":"","background-media":"","overlay-type":"","overlay-color":"","overlay-opacity":"","overlay-gradient":""},"mobile":{"background-color":"","background-image":"","background-repeat":"repeat","background-position":"center center","background-size":"auto","background-attachment":"scroll","background-type":"","background-media":"","overlay-type":"","overlay-color":"","overlay-opacity":"","overlay-gradient":""}},"ast-content-background-meta":{"desktop":{"background-color":"var(--ast-global-color-5)","background-image":"","background-repeat":"repeat","background-position":"center center","background-size":"auto","background-attachment":"scroll","background-type":"","background-media":"","overlay-type":"","overlay-color":"","overlay-opacity":"","overlay-gradient":""},"tablet":{"background-color":"var(--ast-global-color-5)","background-image":"","background-repeat":"repeat","background-position":"center center","background-size":"auto","background-attachment":"scroll","background-type":"","background-media":"","overlay-type":"","overlay-color":"","overlay-opacity":"","overlay-gradient":""},"mobile":{"background-color":"var(--ast-global-color-5)","background-image":"","background-repeat":"repeat","background-position":"center center","background-size":"auto","background-attachment":"scroll","background-type":"","background-media":"","overlay-type":"","overlay-color":"","overlay-opacity":"","overlay-gradient":""}},"footnotes":""},"class_list":["post-28","page","type-page","status-publish","hentry"],"jetpack_sharing_enabled":true,"_links":{"self":[{"href":"https:\/\/astradrive.nola.sn\/index.php\/wp-json\/wp\/v2\/pages\/28","targetHints":{"allow":["GET"]}}],"collection":[{"href":"https:\/\/astradrive.nola.sn\/index.php\/wp-json\/wp\/v2\/pages"}],"about":[{"href":"https:\/\/astradrive.nola.sn\/index.php\/wp-json\/wp\/v2\/types\/page"}],"author":[{"embeddable":true,"href":"https:\/\/astradrive.nola.sn\/index.php\/wp-json\/wp\/v2\/users\/1"}],"replies":[{"embeddable":true,"href":"https:\/\/astradrive.nola.sn\/index.php\/wp-json\/wp\/v2\/comments?post=28"}],"version-history":[{"count":22,"href":"https:\/\/astradrive.nola.sn\/index.php\/wp-json\/wp\/v2\/pages\/28\/revisions"}],"predecessor-version":[{"id":418,"href":"https:\/\/astradrive.nola.sn\/index.php\/wp-json\/wp\/v2\/pages\/28\/revisions\/418"}],"wp:attachment":[{"href":"https:\/\/astradrive.nola.sn\/index.php\/wp-json\/wp\/v2\/media?parent=28"}],"curies":[{"name":"wp","href":"https:\/\/api.w.org\/{rel}","templated":true}]}}